{"id":17,"date":"2021-08-09T09:31:50","date_gmt":"2021-08-09T09:31:50","guid":{"rendered":"https:\/\/blacklily.es\/index.php\/mi-cuenta\/"},"modified":"2024-05-08T12:17:08","modified_gmt":"2024-05-08T12:17:08","slug":"mi-cuenta","status":"publish","type":"page","link":"https:\/\/blacklily.es\/?page_id=17","title":{"rendered":"Mi cuenta"},"content":{"rendered":"[et_pb_section fb_built=\u00bb1&#8243; admin_label=\u00bbsection\u00bb _builder_version=\u00bb3.22&#8243; global_colors_info=\u00bb{}\u00bb][et_pb_row use_custom_gutter=\u00bbon\u00bb make_equal=\u00bbon\u00bb custom_padding_last_edited=\u00bbon|phone\u00bb admin_label=\u00bbrow\u00bb _builder_version=\u00bb4.14.7&#8243; background_size=\u00bbinitial\u00bb background_position=\u00bbtop_left\u00bb background_repeat=\u00bbrepeat\u00bb width=\u00bb100%\u00bb width_tablet=\u00bb100%\u00bb width_phone=\u00bb100%\u00bb width_last_edited=\u00bbon|phone\u00bb max_width=\u00bb1920px\u00bb max_width_tablet=\u00bb1920px\u00bb max_width_phone=\u00bb1920px\u00bb max_width_last_edited=\u00bbon|phone\u00bb custom_margin_tablet=\u00bb\u00bb custom_margin_phone=\u00bb0px||||false|false\u00bb custom_margin_last_edited=\u00bbon|phone\u00bb custom_padding_tablet=\u00bb\u00bb custom_padding_phone=\u00bb\u00bb global_colors_info=\u00bb{}\u00bb][et_pb_column type=\u00bb4_4&#8243; _builder_version=\u00bb4.14.7&#8243; custom_padding=\u00bb|||\u00bb global_colors_info=\u00bb{}\u00bb custom_padding__hover=\u00bb|||\u00bb][et_pb_slider _builder_version=\u00bb4.14.7&#8243; _module_preset=\u00bbdefault\u00bb header_text_color=\u00bb#FFFFFF\u00bb custom_padding=\u00bb7px|||59px|false|false\u00bb custom_padding_tablet=\u00bb7px||||false|false\u00bb custom_padding_phone=\u00bb7px||||false|false\u00bb custom_padding_last_edited=\u00bbon|desktop\u00bb auto=\u00bbon\u00bb auto_speed=\u00bb3000&#8243; hover_enabled=\u00bb0&#8243; global_colors_info=\u00bb{}\u00bb sticky_enabled=\u00bb0&#8243; background_color=\u00bb#FFFFFF\u00bb][et_pb_slide heading=\u00bbMi cuenta\u00bb button_text=\u00bbIR A LA TIENDA\u00bb button_link=\u00bb@ET-DC@eyJkeW5hbWljIjp0cnVlLCJjb250ZW50IjoicG9zdF9saW5rX3VybF9wYWdlIiwic2V0dGluZ3MiOnsicG9zdF9pZCI6IjgyOSJ9fQ==@\u00bb use_bg_overlay=\u00bboff\u00bb heading_tablet=\u00bbMi cuenta\u00bb heading_phone=\u00bbMi cuenta\u00bb heading_last_edited=\u00bbon|phone\u00bb button_text_tablet=\u00bbIR A LA TIENDA\u00bb button_text_phone=\u00bbIR A LA TIENDA\u00bb button_text_last_edited=\u00bbon|phone\u00bb content_tablet=\u00bb<p style=%22text-align: left;%22> Blacklily<\/p>\u00bb content_phone=\u00bb\u00bb content_last_edited=\u00bbon|phone\u00bb _builder_version=\u00bb4.14.7&#8243; _dynamic_attributes=\u00bbbutton_link\u00bb _module_preset=\u00bbdefault\u00bb header_text_align=\u00bbleft\u00bb header_text_color=\u00bb#000000&#8243; body_text_color=\u00bb#000000&#8243; background_enable_color=\u00bboff\u00bb background_image=\u00bbhttps:\/\/blacklily.es\/wp-content\/uploads\/2024\/05\/banner-mi-cuenta.webp\u00bb background_enable_image=\u00bbon\u00bb background_size=\u00bbcontain\u00bb custom_button=\u00bbon\u00bb button_text_color=\u00bb#FFFFFF\u00bb button_bg_color=\u00bb#000000&#8243; button_alignment=\u00bbleft\u00bb button_custom_margin_tablet=\u00bb\u00bb button_custom_margin_phone=\u00bb-60px||-60px|-1px|false|false\u00bb button_custom_margin_last_edited=\u00bbon|phone\u00bb button_custom_padding_tablet=\u00bb\u00bb button_custom_padding_phone=\u00bb\u00bb button_custom_padding_last_edited=\u00bbon|phone\u00bb hover_enabled=\u00bb0&#8243; button_text_size_tablet=\u00bb\u00bb button_text_size_phone=\u00bb11px\u00bb button_text_size_last_edited=\u00bbon|phone\u00bb global_colors_info=\u00bb{}\u00bb button_bg_color__hover_enabled=\u00bbon|hover\u00bb button_bg_color__hover=\u00bb#FFFFFF\u00bb button_bg_enable_color__hover=\u00bbon\u00bb button_text_color__hover_enabled=\u00bbon|hover\u00bb button_text_color__hover=\u00bb#000000&#8243; sticky_transition=\u00bbon\u00bb title_text=\u00bbbanner-mi-cuenta\u00bb sticky_enabled=\u00bb0&#8243; custom_padding=\u00bb155px||155px|4px|true|false\u00bb custom_padding_last_edited=\u00bbon|desktop\u00bb custom_padding_tablet=\u00bb30px||30px|4px|true|false\u00bb custom_padding_phone=\u00bb23px||23px||true|false\u00bb]<p style=\"text-align: left;\">\u00a0Blacklily<\/p>[\/et_pb_slide][\/et_pb_slider][et_pb_text admin_label=\u00bbText\u00bb _builder_version=\u00bb4.14.7&#8243; text_font_size=\u00bb21px\u00bb background_size=\u00bbinitial\u00bb background_position=\u00bbtop_left\u00bb background_repeat=\u00bbrepeat\u00bb width_tablet=\u00bb\u00bb width_phone=\u00bb90%\u00bb width_last_edited=\u00bbon|phone\u00bb module_alignment_tablet=\u00bb\u00bb module_alignment_phone=\u00bbcenter\u00bb module_alignment_last_edited=\u00bbon|phone\u00bb global_colors_info=\u00bb{}\u00bb]<p><div class=\"woocommerce\"><div class=\"woocommerce-notices-wrapper\"><\/div>\n\n<div class=\"u-columns col2-set\" id=\"customer_login\">\n\n\t<div class=\"u-column1 col-1\">\n\n\n\t\t<h2>Acceder<\/h2>\n\n\t\t<form class=\"woocommerce-form woocommerce-form-login login\" method=\"post\" novalidate>\n\n\t\t\t\n\t\t\t<p class=\"woocommerce-form-row woocommerce-form-row--wide form-row form-row-wide\">\n\t\t\t\t<label for=\"username\">Nombre de usuario o correo electr\u00f3nico&nbsp;<span class=\"required\" aria-hidden=\"true\">*<\/span><span class=\"screen-reader-text\">Obligatorio<\/span><\/label>\n\t\t\t\t<input type=\"text\" class=\"woocommerce-Input woocommerce-Input--text input-text\" name=\"username\" id=\"username\" autocomplete=\"username\" value=\"\" required aria-required=\"true\" \/>\t\t\t<\/p>\n\t\t\t<p class=\"woocommerce-form-row woocommerce-form-row--wide form-row form-row-wide\">\n\t\t\t\t<label for=\"password\">Contrase\u00f1a&nbsp;<span class=\"required\" aria-hidden=\"true\">*<\/span><span class=\"screen-reader-text\">Obligatorio<\/span><\/label>\n\t\t\t\t<input class=\"woocommerce-Input woocommerce-Input--text input-text\" type=\"password\" name=\"password\" id=\"password\" autocomplete=\"current-password\" required aria-required=\"true\" \/>\n\t\t\t<\/p>\n\n\t\t\t\n\t\t\t<p class=\"form-row\">\n\t\t\t\t<label class=\"woocommerce-form__label woocommerce-form__label-for-checkbox woocommerce-form-login__rememberme\">\n\t\t\t\t\t<input class=\"woocommerce-form__input woocommerce-form__input-checkbox\" name=\"rememberme\" type=\"checkbox\" id=\"rememberme\" value=\"forever\" \/> <span>Recu\u00e9rdame<\/span>\n\t\t\t\t<\/label>\n\t\t\t\t<input type=\"hidden\" id=\"woocommerce-login-nonce\" name=\"woocommerce-login-nonce\" value=\"7b528fd4bf\" \/><input type=\"hidden\" name=\"_wp_http_referer\" value=\"\/index.php?rest_route=%2Fwp%2Fv2%2Fpages%2F17\" \/>\t\t\t\t<button type=\"submit\" class=\"woocommerce-button button woocommerce-form-login__submit\" name=\"login\" value=\"Acceso\">Acceso<\/button>\n\t\t\t<\/p>\n\t\t\t<p class=\"woocommerce-LostPassword lost_password\">\n\t\t\t\t<a href=\"https:\/\/blacklily.es\/?page_id=17&#038;lost-password\">\u00bfOlvidaste la contrase\u00f1a?<\/a>\n\t\t\t<\/p>\n\n\t\t\t\n\t\t<\/form>\n\n\n\t<\/div>\n\n\t<div class=\"u-column2 col-2\">\n\n\t\t<h2>Registrarse<\/h2>\n\n\t\t<form method=\"post\" class=\"woocommerce-form woocommerce-form-register register\"  >\n\n\t\t\t\n\t\t\t\n\t\t\t<p class=\"woocommerce-form-row woocommerce-form-row--wide form-row form-row-wide\">\n\t\t\t\t<label for=\"reg_email\">Direcci\u00f3n de correo electr\u00f3nico&nbsp;<span class=\"required\" aria-hidden=\"true\">*<\/span><span class=\"screen-reader-text\">Obligatorio<\/span><\/label>\n\t\t\t\t<input type=\"email\" class=\"woocommerce-Input woocommerce-Input--text input-text\" name=\"email\" id=\"reg_email\" autocomplete=\"email\" value=\"\" required aria-required=\"true\" \/>\t\t\t<\/p>\n\n\t\t\t\n\t\t\t\t<p>Se enviar\u00e1 un enlace a tu direcci\u00f3n de correo electr\u00f3nico para establecer una nueva contrase\u00f1a.<\/p>\n\n\t\t\t\n\t\t\t<wc-order-attribution-inputs><\/wc-order-attribution-inputs><div class=\"woocommerce-privacy-policy-text\"><p>Tus datos personales se utilizar\u00e1n para procesar tu pedido, mejorar tu experiencia en esta web, gestionar el acceso a tu cuenta y otros prop\u00f3sitos descritos en nuestra <a href=\"https:\/\/blacklily.es\/?page_id=3\" class=\"woocommerce-privacy-policy-link\" target=\"_blank\">pol\u00edtica de privacidad<\/a>.<\/p>\n<\/div>\n\t\t\t<p class=\"woocommerce-form-row form-row\">\n\t\t\t\t<input type=\"hidden\" id=\"woocommerce-register-nonce\" name=\"woocommerce-register-nonce\" value=\"2ec8fc94f6\" \/><input type=\"hidden\" name=\"_wp_http_referer\" value=\"\/index.php?rest_route=%2Fwp%2Fv2%2Fpages%2F17\" \/>\t\t\t\t<button type=\"submit\" class=\"woocommerce-Button woocommerce-button button woocommerce-form-register__submit\" name=\"register\" value=\"Registrarse\">Registrarse<\/button>\n\t\t\t<\/p>\n\n\t\t\t\n\t\t<\/form>\n\n\t<\/div>\n\n<\/div>\n\n<\/div>\n<p>\n<\/p>[\/et_pb_text][\/et_pb_column][\/et_pb_row][\/et_pb_section]","protected":false},"excerpt":{"rendered":"<p>\u00a0Blacklily<div class=\"woocommerce\"><div class=\"woocommerce-notices-wrapper\"><\/div>\n\n<div class=\"u-columns col2-set\" id=\"customer_login\">\n\n\t<div class=\"u-column1 col-1\">\n\n\n\t\t<h2>Acceder<\/h2>\n\n\t\t<form class=\"woocommerce-form woocommerce-form-login login\" method=\"post\" novalidate>\n\n\t\t\t\n\t\t\t<p class=\"woocommerce-form-row woocommerce-form-row--wide form-row form-row-wide\">\n\t\t\t\t<label for=\"username\">Nombre de usuario o correo electr\u00f3nico&nbsp;<span class=\"required\" aria-hidden=\"true\">*<\/span><span class=\"screen-reader-text\">Obligatorio<\/span><\/label>\n\t\t\t\t<input type=\"text\" class=\"woocommerce-Input woocommerce-Input--text input-text\" name=\"username\" id=\"username\" autocomplete=\"username\" value=\"\" required aria-required=\"true\" \/>\t\t\t<\/p>\n\t\t\t<p class=\"woocommerce-form-row woocommerce-form-row--wide form-row form-row-wide\">\n\t\t\t\t<label for=\"password\">Contrase\u00f1a&nbsp;<span class=\"required\" aria-hidden=\"true\">*<\/span><span class=\"screen-reader-text\">Obligatorio<\/span><\/label>\n\t\t\t\t<input class=\"woocommerce-Input woocommerce-Input--text input-text\" type=\"password\" name=\"password\" id=\"password\" autocomplete=\"current-password\" required aria-required=\"true\" \/>\n\t\t\t<\/p>\n\n\t\t\t\n\t\t\t<p class=\"form-row\">\n\t\t\t\t<label class=\"woocommerce-form__label woocommerce-form__label-for-checkbox woocommerce-form-login__rememberme\">\n\t\t\t\t\t<input class=\"woocommerce-form__input woocommerce-form__input-checkbox\" name=\"rememberme\" type=\"checkbox\" id=\"rememberme\" value=\"forever\" \/> <span>Recu\u00e9rdame<\/span>\n\t\t\t\t<\/label>\n\t\t\t\t<input type=\"hidden\" id=\"woocommerce-login-nonce\" name=\"woocommerce-login-nonce\" value=\"7b528fd4bf\" \/><input type=\"hidden\" name=\"_wp_http_referer\" value=\"\/index.php?rest_route=%2Fwp%2Fv2%2Fpages%2F17\" \/>\t\t\t\t<button type=\"submit\" class=\"woocommerce-button button woocommerce-form-login__submit\" name=\"login\" value=\"Acceso\">Acceso<\/button>\n\t\t\t<\/p>\n\t\t\t<p class=\"woocommerce-LostPassword lost_password\">\n\t\t\t\t<a href=\"https:\/\/blacklily.es\/?page_id=17&#038;lost-password\">\u00bfOlvidaste la contrase\u00f1a?<\/a>\n\t\t\t<\/p>\n\n\t\t\t\n\t\t<\/form>\n\n\n\t<\/div>\n\n\t<div class=\"u-column2 col-2\">\n\n\t\t<h2>Registrarse<\/h2>\n\n\t\t<form method=\"post\" class=\"woocommerce-form woocommerce-form-register register\"  >\n\n\t\t\t\n\t\t\t\n\t\t\t<p class=\"woocommerce-form-row woocommerce-form-row--wide form-row form-row-wide\">\n\t\t\t\t<label for=\"reg_email\">Direcci\u00f3n de correo electr\u00f3nico&nbsp;<span class=\"required\" aria-hidden=\"true\">*<\/span><span class=\"screen-reader-text\">Obligatorio<\/span><\/label>\n\t\t\t\t<input type=\"email\" class=\"woocommerce-Input woocommerce-Input--text input-text\" name=\"email\" id=\"reg_email\" autocomplete=\"email\" value=\"\" required aria-required=\"true\" \/>\t\t\t<\/p>\n\n\t\t\t\n\t\t\t\t<p>Se enviar\u00e1 un enlace a tu direcci\u00f3n de correo electr\u00f3nico para establecer una nueva contrase\u00f1a.<\/p>\n\n\t\t\t\n\t\t\t<wc-order-attribution-inputs><\/wc-order-attribution-inputs><div class=\"woocommerce-privacy-policy-text\"><p>Tus datos personales se utilizar\u00e1n para procesar tu pedido, mejorar tu experiencia en esta web, gestionar el acceso a tu cuenta y otros prop\u00f3sitos descritos en nuestra <a href=\"https:\/\/blacklily.es\/?page_id=3\" class=\"woocommerce-privacy-policy-link\" target=\"_blank\">pol\u00edtica de privacidad<\/a>.<\/p>\n<\/div>\n\t\t\t<p class=\"woocommerce-form-row form-row\">\n\t\t\t\t<input type=\"hidden\" id=\"woocommerce-register-nonce\" name=\"woocommerce-register-nonce\" value=\"2ec8fc94f6\" \/><input type=\"hidden\" name=\"_wp_http_referer\" value=\"\/index.php?rest_route=%2Fwp%2Fv2%2Fpages%2F17\" \/>\t\t\t\t<button type=\"submit\" class=\"woocommerce-Button woocommerce-button button woocommerce-form-register__submit\" name=\"register\" value=\"Registrarse\">Registrarse<\/button>\n\t\t\t<\/p>\n\n\t\t\t\n\t\t<\/form>\n\n\t<\/div>\n\n<\/div>\n\n<\/div><\/p>\n","protected":false},"author":1,"featured_media":0,"parent":0,"menu_order":0,"comment_status":"closed","ping_status":"closed","template":"","meta":{"_et_pb_use_builder":"on","_et_pb_old_content":"<!-- wp:shortcode -->\r\n<p>[woocommerce_my_account]<\/p>\r\n<!-- \/wp:shortcode -->","_et_gb_content_width":"","footnotes":""},"class_list":["post-17","page","type-page","status-publish","hentry"],"yoast_head":"<!-- This site is optimized with the Yoast SEO plugin v27.3 - https:\/\/yoast.com\/product\/yoast-seo-wordpress\/ -->\n<title>Mi cuenta - Black Lily Clothing<\/title>\n<meta name=\"robots\" content=\"index, follow, max-snippet:-1, max-image-preview:large, max-video-preview:-1\" \/>\n<link rel=\"canonical\" href=\"https:\/\/blacklily.es\/?page_id=17\" \/>\n<meta property=\"og:locale\" content=\"es_ES\" \/>\n<meta property=\"og:type\" content=\"article\" \/>\n<meta property=\"og:title\" content=\"Mi cuenta - Black Lily Clothing\" \/>\n<meta property=\"og:description\" content=\"\u00a0Blacklily\" \/>\n<meta property=\"og:url\" content=\"https:\/\/blacklily.es\/?page_id=17\" \/>\n<meta property=\"og:site_name\" content=\"Black Lily Clothing\" \/>\n<meta property=\"article:modified_time\" content=\"2024-05-08T12:17:08+00:00\" \/>\n<meta name=\"twitter:card\" content=\"summary_large_image\" \/>\n<meta name=\"twitter:label1\" content=\"Tiempo de lectura\" \/>\n\t<meta name=\"twitter:data1\" content=\"2 minutos\" \/>\n<script type=\"application\/ld+json\" class=\"yoast-schema-graph\">{\"@context\":\"https:\\\/\\\/schema.org\",\"@graph\":[{\"@type\":\"WebPage\",\"@id\":\"https:\\\/\\\/blacklily.es\\\/?page_id=17\",\"url\":\"https:\\\/\\\/blacklily.es\\\/?page_id=17\",\"name\":\"Mi cuenta - Black Lily Clothing\",\"isPartOf\":{\"@id\":\"https:\\\/\\\/blacklily.es\\\/#website\"},\"datePublished\":\"2021-08-09T09:31:50+00:00\",\"dateModified\":\"2024-05-08T12:17:08+00:00\",\"breadcrumb\":{\"@id\":\"https:\\\/\\\/blacklily.es\\\/?page_id=17#breadcrumb\"},\"inLanguage\":\"es\",\"potentialAction\":[{\"@type\":\"ReadAction\",\"target\":[\"https:\\\/\\\/blacklily.es\\\/?page_id=17\"]}]},{\"@type\":\"BreadcrumbList\",\"@id\":\"https:\\\/\\\/blacklily.es\\\/?page_id=17#breadcrumb\",\"itemListElement\":[{\"@type\":\"ListItem\",\"position\":1,\"name\":\"Inicio\",\"item\":\"https:\\\/\\\/blacklily.es\\\/\"},{\"@type\":\"ListItem\",\"position\":2,\"name\":\"Mi cuenta\"}]},{\"@type\":\"WebSite\",\"@id\":\"https:\\\/\\\/blacklily.es\\\/#website\",\"url\":\"https:\\\/\\\/blacklily.es\\\/\",\"name\":\"Black Lily Clothing\",\"description\":\"Moda rompedora y totalmente original.\",\"potentialAction\":[{\"@type\":\"SearchAction\",\"target\":{\"@type\":\"EntryPoint\",\"urlTemplate\":\"https:\\\/\\\/blacklily.es\\\/?s={search_term_string}\"},\"query-input\":{\"@type\":\"PropertyValueSpecification\",\"valueRequired\":true,\"valueName\":\"search_term_string\"}}],\"inLanguage\":\"es\"}]}<\/script>\n<!-- \/ Yoast SEO plugin. -->","yoast_head_json":{"title":"Mi cuenta - Black Lily Clothing","robots":{"index":"index","follow":"follow","max-snippet":"max-snippet:-1","max-image-preview":"max-image-preview:large","max-video-preview":"max-video-preview:-1"},"canonical":"https:\/\/blacklily.es\/?page_id=17","og_locale":"es_ES","og_type":"article","og_title":"Mi cuenta - Black Lily Clothing","og_description":"\u00a0Blacklily","og_url":"https:\/\/blacklily.es\/?page_id=17","og_site_name":"Black Lily Clothing","article_modified_time":"2024-05-08T12:17:08+00:00","twitter_card":"summary_large_image","twitter_misc":{"Tiempo de lectura":"2 minutos"},"schema":{"@context":"https:\/\/schema.org","@graph":[{"@type":"WebPage","@id":"https:\/\/blacklily.es\/?page_id=17","url":"https:\/\/blacklily.es\/?page_id=17","name":"Mi cuenta - Black Lily Clothing","isPartOf":{"@id":"https:\/\/blacklily.es\/#website"},"datePublished":"2021-08-09T09:31:50+00:00","dateModified":"2024-05-08T12:17:08+00:00","breadcrumb":{"@id":"https:\/\/blacklily.es\/?page_id=17#breadcrumb"},"inLanguage":"es","potentialAction":[{"@type":"ReadAction","target":["https:\/\/blacklily.es\/?page_id=17"]}]},{"@type":"BreadcrumbList","@id":"https:\/\/blacklily.es\/?page_id=17#breadcrumb","itemListElement":[{"@type":"ListItem","position":1,"name":"Inicio","item":"https:\/\/blacklily.es\/"},{"@type":"ListItem","position":2,"name":"Mi cuenta"}]},{"@type":"WebSite","@id":"https:\/\/blacklily.es\/#website","url":"https:\/\/blacklily.es\/","name":"Black Lily Clothing","description":"Moda rompedora y totalmente original.","potentialAction":[{"@type":"SearchAction","target":{"@type":"EntryPoint","urlTemplate":"https:\/\/blacklily.es\/?s={search_term_string}"},"query-input":{"@type":"PropertyValueSpecification","valueRequired":true,"valueName":"search_term_string"}}],"inLanguage":"es"}]}},"_links":{"self":[{"href":"https:\/\/blacklily.es\/index.php?rest_route=\/wp\/v2\/pages\/17","targetHints":{"allow":["GET"]}}],"collection":[{"href":"https:\/\/blacklily.es\/index.php?rest_route=\/wp\/v2\/pages"}],"about":[{"href":"https:\/\/blacklily.es\/index.php?rest_route=\/wp\/v2\/types\/page"}],"author":[{"embeddable":true,"href":"https:\/\/blacklily.es\/index.php?rest_route=\/wp\/v2\/users\/1"}],"replies":[{"embeddable":true,"href":"https:\/\/blacklily.es\/index.php?rest_route=%2Fwp%2Fv2%2Fcomments&post=17"}],"version-history":[{"count":7,"href":"https:\/\/blacklily.es\/index.php?rest_route=\/wp\/v2\/pages\/17\/revisions"}],"predecessor-version":[{"id":2008,"href":"https:\/\/blacklily.es\/index.php?rest_route=\/wp\/v2\/pages\/17\/revisions\/2008"}],"wp:attachment":[{"href":"https:\/\/blacklily.es\/index.php?rest_route=%2Fwp%2Fv2%2Fmedia&parent=17"}],"curies":[{"name":"wp","href":"https:\/\/api.w.org\/{rel}","templated":true}]}}