{"id":2012,"date":"2024-05-13T10:52:23","date_gmt":"2024-05-13T10:52:23","guid":{"rendered":"https:\/\/blacklily.es\/?page_id=2012"},"modified":"2024-05-13T10:55:50","modified_gmt":"2024-05-13T10:55:50","slug":"a-medida","status":"publish","type":"page","link":"https:\/\/blacklily.es\/?page_id=2012","title":{"rendered":"A medida"},"content":{"rendered":"<p>[et_pb_section fb_built=\u00bb1&#8243; admin_label=\u00bbsection\u00bb _builder_version=\u00bb4.14.7&#8243; hover_enabled=\u00bb0&#8243; global_colors_info=\u00bb{}\u00bb theme_builder_area=\u00bbpost_content\u00bb sticky_enabled=\u00bb0&#8243;][et_pb_row column_structure=\u00bb1_2,1_2&#8243; use_custom_gutter=\u00bbon\u00bb gutter_width=\u00bb1&#8243; make_equal=\u00bbon\u00bb module_class=\u00bb et_pb_row_fullwidth\u00bb _builder_version=\u00bb4.14.7&#8243; width=\u00bb100%\u00bb width_tablet=\u00bb100%\u00bb width_phone=\u00bb\u00bb width_last_edited=\u00bbon|desktop\u00bb max_width=\u00bb100%\u00bb max_width_tablet=\u00bb100%\u00bb max_width_phone=\u00bb\u00bb max_width_last_edited=\u00bbon|desktop\u00bb custom_margin=\u00bb-19px||0px||false|false\u00bb custom_margin_tablet=\u00bb-5px||0px||false|false\u00bb custom_margin_phone=\u00bb-5px||0px||false|false\u00bb custom_margin_last_edited=\u00bbon|desktop\u00bb custom_padding=\u00bb0px||0px||false|false\u00bb hover_enabled=\u00bb0&#8243; make_fullwidth=\u00bbon\u00bb global_colors_info=\u00bb{}\u00bb theme_builder_area=\u00bbpost_content\u00bb sticky_enabled=\u00bb0&#8243;][et_pb_column type=\u00bb1_2&#8243; _builder_version=\u00bb4.14.7&#8243; background_image=\u00bbhttps:\/\/blacklily.es\/wp-content\/uploads\/2024\/05\/a-medida-blacklily.webp\u00bb custom_padding=\u00bb|||\u00bb hover_enabled=\u00bb0&#8243; background_color_tablet=\u00bb#dce1e5&#8243; background_last_edited=\u00bbon|phone\u00bb background_enable_color_tablet=\u00bbon\u00bb background_enable_image_tablet=\u00bboff\u00bb global_colors_info=\u00bb{}\u00bb custom_padding__hover=\u00bb|||\u00bb theme_builder_area=\u00bbpost_content\u00bb sticky_enabled=\u00bb0&#8243; title_text=\u00bba-medida-blacklily\u00bb][\/et_pb_column][et_pb_column type=\u00bb1_2&#8243; _builder_version=\u00bb4.14.7&#8243; background_color=\u00bb#dce1e5&#8243; custom_padding=\u00bb|||\u00bb global_colors_info=\u00bb{}\u00bb custom_padding__hover=\u00bb|||\u00bb theme_builder_area=\u00bbpost_content\u00bb][et_pb_cta title=\u00bb\u00bfBuscas algo exclusivo?\u00a0\u00bb button_url=\u00bb@ET-DC@eyJkeW5hbWljIjp0cnVlLCJjb250ZW50IjoicG9zdF9saW5rX3VybF9wYWdlIiwic2V0dGluZ3MiOnsicG9zdF9pZCI6IjExIn19@\u00bb _builder_version=\u00bb4.14.7&#8243; _dynamic_attributes=\u00bbbutton_url\u00bb header_font=\u00bb|700|||||||\u00bb header_font_size=\u00bb44px\u00bb header_line_height=\u00bb1.3em\u00bb body_font=\u00bb|500|||||||\u00bb body_text_color=\u00bbrgba(47,56,84,0.5)\u00bb body_font_size=\u00bb16px\u00bb body_line_height=\u00bb1.9em\u00bb use_background_color=\u00bboff\u00bb custom_button=\u00bbon\u00bb button_text_size=\u00bb16px\u00bb button_text_color=\u00bb#ffffff\u00bb button_bg_color=\u00bb#000000&#8243; button_border_width=\u00bb10px\u00bb button_border_color=\u00bbrgba(47,56,84,0)\u00bb button_border_radius=\u00bb60px\u00bb button_letter_spacing=\u00bb1px\u00bb button_font=\u00bb|700||on|||||\u00bb button_use_icon=\u00bboff\u00bb button_alignment=\u00bbleft\u00bb text_orientation=\u00bbleft\u00bb background_layout=\u00bblight\u00bb max_width=\u00bb600px\u00bb max_width_tablet=\u00bb\u00bb max_width_phone=\u00bb\u00bb max_width_last_edited=\u00bbon|desktop\u00bb module_alignment=\u00bbleft\u00bb custom_margin=\u00bb12px||-70px|0px|false|false\u00bb custom_margin_tablet=\u00bb-18px||-50px|0px|false|false\u00bb custom_margin_phone=\u00bb-18px||||false|false\u00bb custom_margin_last_edited=\u00bbon|phone\u00bb custom_padding=\u00bb20px|60px|0px|70px|false|false\u00bb button_text_color_hover=\u00bb#2f3854&#8243; button_border_radius_hover=\u00bb66px\u00bb button_letter_spacing_hover=\u00bb1px\u00bb button_bg_color_hover=\u00bb#ffffff\u00bb global_colors_info=\u00bb{}\u00bb button_text_size__hover_enabled=\u00bboff\u00bb button_one_text_size__hover_enabled=\u00bboff\u00bb button_two_text_size__hover_enabled=\u00bboff\u00bb button_text_color__hover_enabled=\u00bbon\u00bb button_text_color__hover=\u00bb#2f3854&#8243; button_one_text_color__hover_enabled=\u00bboff\u00bb button_two_text_color__hover_enabled=\u00bboff\u00bb button_border_width__hover_enabled=\u00bboff\u00bb button_one_border_width__hover_enabled=\u00bboff\u00bb button_two_border_width__hover_enabled=\u00bboff\u00bb button_border_color__hover_enabled=\u00bboff\u00bb button_one_border_color__hover_enabled=\u00bboff\u00bb button_two_border_color__hover_enabled=\u00bboff\u00bb button_border_radius__hover_enabled=\u00bbon\u00bb button_border_radius__hover=\u00bb66px\u00bb button_one_border_radius__hover_enabled=\u00bboff\u00bb button_two_border_radius__hover_enabled=\u00bboff\u00bb button_letter_spacing__hover_enabled=\u00bbon\u00bb button_letter_spacing__hover=\u00bb1px\u00bb button_one_letter_spacing__hover_enabled=\u00bboff\u00bb button_two_letter_spacing__hover_enabled=\u00bboff\u00bb button_bg_color__hover_enabled=\u00bbon\u00bb button_bg_color__hover=\u00bb#ffffff\u00bb button_one_bg_color__hover_enabled=\u00bboff\u00bb button_two_bg_color__hover_enabled=\u00bboff\u00bb theme_builder_area=\u00bbpost_content\u00bb][\/et_pb_cta][et_pb_cta button_url=\u00bb@ET-DC@eyJkeW5hbWljIjp0cnVlLCJjb250ZW50IjoicG9zdF9saW5rX3VybF9wYWdlIiwic2V0dGluZ3MiOnsicG9zdF9pZCI6IjkzNCJ9fQ==@\u00bb button_text=\u00bb@ET-DC@eyJkeW5hbWljIjp0cnVlLCJjb250ZW50IjoicG9zdF9saW5rIiwic2V0dGluZ3MiOnsiYmVmb3JlIjoiRVNDUlx1MDBjZEJFTk9TIiwiYWZ0ZXIiOiIiLCJ0ZXh0IjoiY3VzdG9tIiwiY3VzdG9tX3RleHQiOiIifX0=@\u00bb _builder_version=\u00bb4.14.7&#8243; _dynamic_attributes=\u00bbbutton_text,button_url\u00bb header_font=\u00bb||||||||\u00bb header_font_size=\u00bb40px\u00bb header_line_height=\u00bb1.3em\u00bb body_font=\u00bb|500|||||||\u00bb body_text_color=\u00bbrgba(47,56,84,0.5)\u00bb body_font_size=\u00bb16px\u00bb body_line_height=\u00bb2.2em\u00bb use_background_color=\u00bboff\u00bb custom_button=\u00bbon\u00bb button_text_size=\u00bb16px\u00bb button_text_color=\u00bb#ffffff\u00bb button_bg_color=\u00bb#000000&#8243; button_border_width=\u00bb10px\u00bb button_border_color=\u00bbrgba(47,56,84,0)\u00bb button_border_radius=\u00bb60px\u00bb button_letter_spacing=\u00bb1px\u00bb button_font=\u00bb|700||on|||||\u00bb button_use_icon=\u00bboff\u00bb button_alignment=\u00bbleft\u00bb text_orientation=\u00bbleft\u00bb background_layout=\u00bblight\u00bb max_width=\u00bb593px\u00bb max_width_tablet=\u00bb\u00bb max_width_phone=\u00bb\u00bb max_width_last_edited=\u00bbon|desktop\u00bb module_alignment=\u00bbleft\u00bb custom_margin=\u00bb0px||-6px||false|false\u00bb custom_margin_tablet=\u00bb0px||-6px||false|false\u00bb custom_margin_phone=\u00bb1px||124px||false|false\u00bb custom_margin_last_edited=\u00bbon|phone\u00bb custom_padding=\u00bb27px|60px|100px|60px|false|false\u00bb custom_padding_tablet=\u00bb27px|60px|100px|70px|false|false\u00bb custom_padding_phone=\u00bb27px|40px|100px|50px|false|false\u00bb custom_padding_last_edited=\u00bbon|tablet\u00bb hover_enabled=\u00bb0&#8243; button_text_color_hover=\u00bb#2f3854&#8243; button_border_radius_hover=\u00bb66px\u00bb button_letter_spacing_hover=\u00bb1px\u00bb button_bg_color_hover=\u00bb#ffffff\u00bb global_colors_info=\u00bb{}\u00bb button_text_size__hover_enabled=\u00bboff\u00bb button_one_text_size__hover_enabled=\u00bboff\u00bb button_two_text_size__hover_enabled=\u00bboff\u00bb button_text_color__hover_enabled=\u00bbon\u00bb button_text_color__hover=\u00bb#2f3854&#8243; button_one_text_color__hover_enabled=\u00bboff\u00bb button_two_text_color__hover_enabled=\u00bboff\u00bb button_border_width__hover_enabled=\u00bboff\u00bb button_one_border_width__hover_enabled=\u00bboff\u00bb button_two_border_width__hover_enabled=\u00bboff\u00bb button_border_color__hover_enabled=\u00bboff\u00bb button_one_border_color__hover_enabled=\u00bboff\u00bb button_two_border_color__hover_enabled=\u00bboff\u00bb button_border_radius__hover_enabled=\u00bbon\u00bb button_border_radius__hover=\u00bb66px\u00bb button_one_border_radius__hover_enabled=\u00bboff\u00bb button_two_border_radius__hover_enabled=\u00bboff\u00bb button_letter_spacing__hover_enabled=\u00bbon\u00bb button_letter_spacing__hover=\u00bb1px\u00bb button_one_letter_spacing__hover_enabled=\u00bboff\u00bb button_two_letter_spacing__hover_enabled=\u00bboff\u00bb button_bg_color__hover_enabled=\u00bbon\u00bb button_bg_color__hover=\u00bb#ffffff\u00bb button_one_bg_color__hover_enabled=\u00bboff\u00bb button_two_bg_color__hover_enabled=\u00bboff\u00bb theme_builder_area=\u00bbpost_content\u00bb sticky_enabled=\u00bb0&#8243; header_level=\u00bbh4&#8243;]<\/p>\n<p>&nbsp;<\/p>\n<h3>La moda no trata solo de seguir tendencias, sino de<strong> expresar tu individualidad.\u00a0<\/strong><\/h3>\n<h3>En nuestro taller creamos <strong>piezas \u00fanicas,<\/strong> con dise\u00f1os personalizados que <strong>reflejan tu estilo personal.<\/strong><\/h3>\n<h3>Nos gusta <strong>cuidar cada paso<\/strong> del proceso y cada detalle, haci\u00e9ndote sentir c\u00f3moda y segura.<\/h3>\n<h3>\u00bfPor qu\u00e9 conformarte con lo com\u00fan cuando puedes tener <strong>algo excepcional<\/strong>, algo verdaderamente tuyo, que hable de ti?<\/h3>\n<h3><\/h3>\n<h3><strong>Pide tu cita<\/strong> con nosotras y cu\u00e9ntanos tu idea.<\/h3>\n<h3>Estamos preparadas para hacer realidad tu prenda so\u00f1ada.<\/h3>\n<h3><\/h3>\n<p>[\/et_pb_cta][\/et_pb_column][\/et_pb_row][\/et_pb_section]<\/p>\n","protected":false},"excerpt":{"rendered":"<p>&nbsp; La moda no trata solo de seguir tendencias, sino de expresar tu individualidad.\u00a0 En nuestro taller creamos piezas \u00fanicas, con dise\u00f1os personalizados que reflejan tu estilo personal. Nos gusta cuidar cada paso del proceso y cada detalle, haci\u00e9ndote sentir c\u00f3moda y segura. \u00bfPor qu\u00e9 conformarte con lo com\u00fan cuando puedes tener algo excepcional, algo [&hellip;]<\/p>\n","protected":false},"author":1,"featured_media":0,"parent":0,"menu_order":0,"comment_status":"closed","ping_status":"closed","template":"","meta":{"_et_pb_use_builder":"on","_et_pb_old_content":"","_et_gb_content_width":"","footnotes":""},"class_list":["post-2012","page","type-page","status-publish","hentry"],"yoast_head":"<!-- This site is optimized with the Yoast SEO plugin v27.3 - https:\/\/yoast.com\/product\/yoast-seo-wordpress\/ -->\n<title>A medida - Black Lily Clothing<\/title>\n<meta name=\"robots\" content=\"index, follow, max-snippet:-1, max-image-preview:large, max-video-preview:-1\" \/>\n<link rel=\"canonical\" href=\"https:\/\/blacklily.es\/?page_id=2012\" \/>\n<meta property=\"og:locale\" content=\"es_ES\" \/>\n<meta property=\"og:type\" content=\"article\" \/>\n<meta property=\"og:title\" content=\"A medida - Black Lily Clothing\" \/>\n<meta property=\"og:description\" content=\"&nbsp; La moda no trata solo de seguir tendencias, sino de expresar tu individualidad.\u00a0 En nuestro taller creamos piezas \u00fanicas, con dise\u00f1os personalizados que reflejan tu estilo personal. Nos gusta cuidar cada paso del proceso y cada detalle, haci\u00e9ndote sentir c\u00f3moda y segura. \u00bfPor qu\u00e9 conformarte con lo com\u00fan cuando puedes tener algo excepcional, algo [&hellip;]\" \/>\n<meta property=\"og:url\" content=\"https:\/\/blacklily.es\/?page_id=2012\" \/>\n<meta property=\"og:site_name\" content=\"Black Lily Clothing\" \/>\n<meta property=\"article:modified_time\" content=\"2024-05-13T10:55:50+00:00\" \/>\n<meta name=\"twitter:card\" content=\"summary_large_image\" \/>\n<meta name=\"twitter:label1\" content=\"Tiempo de lectura\" \/>\n\t<meta name=\"twitter:data1\" content=\"5 minutos\" \/>\n<script type=\"application\/ld+json\" class=\"yoast-schema-graph\">{\"@context\":\"https:\\\/\\\/schema.org\",\"@graph\":[{\"@type\":\"WebPage\",\"@id\":\"https:\\\/\\\/blacklily.es\\\/?page_id=2012\",\"url\":\"https:\\\/\\\/blacklily.es\\\/?page_id=2012\",\"name\":\"A medida - Black Lily Clothing\",\"isPartOf\":{\"@id\":\"https:\\\/\\\/blacklily.es\\\/#website\"},\"datePublished\":\"2024-05-13T10:52:23+00:00\",\"dateModified\":\"2024-05-13T10:55:50+00:00\",\"breadcrumb\":{\"@id\":\"https:\\\/\\\/blacklily.es\\\/?page_id=2012#breadcrumb\"},\"inLanguage\":\"es\",\"potentialAction\":[{\"@type\":\"ReadAction\",\"target\":[\"https:\\\/\\\/blacklily.es\\\/?page_id=2012\"]}]},{\"@type\":\"BreadcrumbList\",\"@id\":\"https:\\\/\\\/blacklily.es\\\/?page_id=2012#breadcrumb\",\"itemListElement\":[{\"@type\":\"ListItem\",\"position\":1,\"name\":\"Inicio\",\"item\":\"https:\\\/\\\/blacklily.es\\\/\"},{\"@type\":\"ListItem\",\"position\":2,\"name\":\"A medida\"}]},{\"@type\":\"WebSite\",\"@id\":\"https:\\\/\\\/blacklily.es\\\/#website\",\"url\":\"https:\\\/\\\/blacklily.es\\\/\",\"name\":\"Black Lily Clothing\",\"description\":\"Moda rompedora y totalmente original.\",\"potentialAction\":[{\"@type\":\"SearchAction\",\"target\":{\"@type\":\"EntryPoint\",\"urlTemplate\":\"https:\\\/\\\/blacklily.es\\\/?s={search_term_string}\"},\"query-input\":{\"@type\":\"PropertyValueSpecification\",\"valueRequired\":true,\"valueName\":\"search_term_string\"}}],\"inLanguage\":\"es\"}]}<\/script>\n<!-- \/ Yoast SEO plugin. -->","yoast_head_json":{"title":"A medida - Black Lily Clothing","robots":{"index":"index","follow":"follow","max-snippet":"max-snippet:-1","max-image-preview":"max-image-preview:large","max-video-preview":"max-video-preview:-1"},"canonical":"https:\/\/blacklily.es\/?page_id=2012","og_locale":"es_ES","og_type":"article","og_title":"A medida - Black Lily Clothing","og_description":"&nbsp; La moda no trata solo de seguir tendencias, sino de expresar tu individualidad.\u00a0 En nuestro taller creamos piezas \u00fanicas, con dise\u00f1os personalizados que reflejan tu estilo personal. Nos gusta cuidar cada paso del proceso y cada detalle, haci\u00e9ndote sentir c\u00f3moda y segura. \u00bfPor qu\u00e9 conformarte con lo com\u00fan cuando puedes tener algo excepcional, algo [&hellip;]","og_url":"https:\/\/blacklily.es\/?page_id=2012","og_site_name":"Black Lily Clothing","article_modified_time":"2024-05-13T10:55:50+00:00","twitter_card":"summary_large_image","twitter_misc":{"Tiempo de lectura":"5 minutos"},"schema":{"@context":"https:\/\/schema.org","@graph":[{"@type":"WebPage","@id":"https:\/\/blacklily.es\/?page_id=2012","url":"https:\/\/blacklily.es\/?page_id=2012","name":"A medida - Black Lily Clothing","isPartOf":{"@id":"https:\/\/blacklily.es\/#website"},"datePublished":"2024-05-13T10:52:23+00:00","dateModified":"2024-05-13T10:55:50+00:00","breadcrumb":{"@id":"https:\/\/blacklily.es\/?page_id=2012#breadcrumb"},"inLanguage":"es","potentialAction":[{"@type":"ReadAction","target":["https:\/\/blacklily.es\/?page_id=2012"]}]},{"@type":"BreadcrumbList","@id":"https:\/\/blacklily.es\/?page_id=2012#breadcrumb","itemListElement":[{"@type":"ListItem","position":1,"name":"Inicio","item":"https:\/\/blacklily.es\/"},{"@type":"ListItem","position":2,"name":"A medida"}]},{"@type":"WebSite","@id":"https:\/\/blacklily.es\/#website","url":"https:\/\/blacklily.es\/","name":"Black Lily Clothing","description":"Moda rompedora y totalmente original.","potentialAction":[{"@type":"SearchAction","target":{"@type":"EntryPoint","urlTemplate":"https:\/\/blacklily.es\/?s={search_term_string}"},"query-input":{"@type":"PropertyValueSpecification","valueRequired":true,"valueName":"search_term_string"}}],"inLanguage":"es"}]}},"_links":{"self":[{"href":"https:\/\/blacklily.es\/index.php?rest_route=\/wp\/v2\/pages\/2012","targetHints":{"allow":["GET"]}}],"collection":[{"href":"https:\/\/blacklily.es\/index.php?rest_route=\/wp\/v2\/pages"}],"about":[{"href":"https:\/\/blacklily.es\/index.php?rest_route=\/wp\/v2\/types\/page"}],"author":[{"embeddable":true,"href":"https:\/\/blacklily.es\/index.php?rest_route=\/wp\/v2\/users\/1"}],"replies":[{"embeddable":true,"href":"https:\/\/blacklily.es\/index.php?rest_route=%2Fwp%2Fv2%2Fcomments&post=2012"}],"version-history":[{"count":4,"href":"https:\/\/blacklily.es\/index.php?rest_route=\/wp\/v2\/pages\/2012\/revisions"}],"predecessor-version":[{"id":2019,"href":"https:\/\/blacklily.es\/index.php?rest_route=\/wp\/v2\/pages\/2012\/revisions\/2019"}],"wp:attachment":[{"href":"https:\/\/blacklily.es\/index.php?rest_route=%2Fwp%2Fv2%2Fmedia&parent=2012"}],"curies":[{"name":"wp","href":"https:\/\/api.w.org\/{rel}","templated":true}]}}