{"id":529,"date":"2021-12-20T19:16:30","date_gmt":"2021-12-20T19:16:30","guid":{"rendered":"https:\/\/blacklily.es\/?page_id=529"},"modified":"2021-12-29T12:26:33","modified_gmt":"2021-12-29T12:26:33","slug":"reembolso_devoluciones","status":"publish","type":"page","link":"https:\/\/blacklily.es\/?page_id=529","title":{"rendered":"Pol\u00edtica de devoluciones y reembolsos"},"content":{"rendered":"<p>[et_pb_section][et_pb_row][et_pb_column type=\u00bb4_4&#8243;][et_pb_text]<strong>Acepto cambios y devoluciones<\/strong><br \/>\nPonte en contacto conmigo en los 14 d\u00edas posteriores a la entrega<br \/>\nDevu\u00e9lveme los art\u00edculos en los 30 d\u00edas posteriores a la entrega<\/p>\n<p><strong>No acepto cancelaciones<\/strong><br \/>\nPonte en contacto conmigo si tienes alg\u00fan problema con tu pedido.<\/p>\n<p><strong>No se pueden cambiar ni devolver los siguientes art\u00edculos<br \/>\n<\/strong><\/p>\n<ul>\n<li>Debido a la naturaleza de estos art\u00edculos, a menos que lleguen da\u00f1ados o defectuosos, no acepto devoluciones de:<\/li>\n<li>Pedidos personalizados<\/li>\n<li>Productos perecederos (como comida o flores)<\/li>\n<li>Descargas digitales Art\u00edculos \u00edntimos (por motivos de salud\/higiene)<\/li>\n<\/ul>\n<p>&nbsp;<\/p>\n<p><strong>Condiciones de devoluci\u00f3n<\/strong><br \/>\nLos gastos de env\u00edo de las devoluciones corren a cargo del comprador. Si el art\u00edculo no se devuelve en su estado original, el comprador ser\u00e1 responsable de cualquier p\u00e9rdida de su valor.<\/p>\n<p>&nbsp;[\/et_pb_text][\/et_pb_column][\/et_pb_row][\/et_pb_section]<\/p>\n","protected":false},"excerpt":{"rendered":"<p><div class=\"et_pb_section et_pb_section_0 et_section_regular\" >\n\t\t\t\t\n\t\t\t\t\n\t\t\t\t\n\t\t\t\t\n\t\t\t\t\t\n\t\t\t\t\n\t\t\t\t\n\t\t\t<\/div><div class=\"et_pb_row et_pb_row_0 et_pb_row_empty\">\n\t\t\t\t\n\t\t\t\t\n\t\t\t\t\n\t\t\t<\/div><div class=\"et_pb_module et_pb_text et_pb_text_0  et_pb_text_align_left et_pb_bg_layout_light\">\n\t\t\t\t\n\t\t\t\t\n\t\t\t\t\n\t\t\t<\/div>Acepto cambios y devoluciones Ponte en contacto conmigo en los 14 d\u00edas posteriores a la entrega Devu\u00e9lveme los art\u00edculos en los 30 d\u00edas posteriores a la entrega No acepto cancelaciones Ponte en contacto conmigo si tienes alg\u00fan problema con tu pedido. No se pueden cambiar ni devolver los siguientes art\u00edculos Debido a la naturaleza de [&hellip;]<\/p>\n","protected":false},"author":1,"featured_media":0,"parent":0,"menu_order":0,"comment_status":"closed","ping_status":"closed","template":"","meta":{"_et_pb_use_builder":"on","_et_pb_old_content":"<strong>Acepto cambios y devoluciones<\/strong>\r\nPonte en contacto conmigo en los 14 d\u00edas posteriores a la entrega\r\nDevu\u00e9lveme los art\u00edculos en los 30 d\u00edas posteriores a la entrega\r\n\r\n<strong>No acepto cancelaciones<\/strong>\r\nPonte en contacto conmigo si tienes alg\u00fan problema con tu pedido.\r\n\r\n<strong>No se pueden cambiar ni devolver los siguientes art\u00edculos\r\n<\/strong>\r\n<ul>\r\n \t<li>Debido a la naturaleza de estos art\u00edculos, a menos que lleguen da\u00f1ados o defectuosos, no acepto devoluciones de:<\/li>\r\n \t<li>Pedidos personalizados<\/li>\r\n \t<li>Productos perecederos (como comida o flores)<\/li>\r\n \t<li>Descargas digitales Art\u00edculos \u00edntimos (por motivos de salud\/higiene)<\/li>\r\n<\/ul>\r\n&nbsp;\r\n\r\n<strong>Condiciones de devoluci\u00f3n<\/strong>\r\nLos gastos de env\u00edo de las devoluciones corren a cargo del comprador. Si el art\u00edculo no se devuelve en su estado original, el comprador ser\u00e1 responsable de cualquier p\u00e9rdida de su valor.\r\n\r\n&nbsp;","_et_gb_content_width":"","footnotes":""},"class_list":["post-529","page","type-page","status-publish","hentry"],"yoast_head":"<!-- This site is optimized with the Yoast SEO plugin v27.5 - https:\/\/yoast.com\/product\/yoast-seo-wordpress\/ -->\n<title>Pol\u00edtica de devoluciones y reembolsos - Black Lily Clothing<\/title>\n<meta name=\"robots\" content=\"index, follow, max-snippet:-1, max-image-preview:large, max-video-preview:-1\" \/>\n<link rel=\"canonical\" href=\"https:\/\/blacklily.es\/?page_id=529\" \/>\n<meta property=\"og:locale\" content=\"es_ES\" \/>\n<meta property=\"og:type\" content=\"article\" \/>\n<meta property=\"og:title\" content=\"Pol\u00edtica de devoluciones y reembolsos - Black Lily Clothing\" \/>\n<meta property=\"og:description\" content=\"Acepto cambios y devoluciones Ponte en contacto conmigo en los 14 d\u00edas posteriores a la entrega Devu\u00e9lveme los art\u00edculos en los 30 d\u00edas posteriores a la entrega No acepto cancelaciones Ponte en contacto conmigo si tienes alg\u00fan problema con tu pedido. No se pueden cambiar ni devolver los siguientes art\u00edculos Debido a la naturaleza de [&hellip;]\" \/>\n<meta property=\"og:url\" content=\"https:\/\/blacklily.es\/?page_id=529\" \/>\n<meta property=\"og:site_name\" content=\"Black Lily Clothing\" \/>\n<meta property=\"article:modified_time\" content=\"2021-12-29T12:26:33+00:00\" \/>\n<meta name=\"twitter:card\" content=\"summary_large_image\" \/>\n<meta name=\"twitter:label1\" content=\"Tiempo de lectura\" \/>\n\t<meta name=\"twitter:data1\" content=\"1 minuto\" \/>\n<script type=\"application\/ld+json\" class=\"yoast-schema-graph\">{\"@context\":\"https:\\\/\\\/schema.org\",\"@graph\":[{\"@type\":\"WebPage\",\"@id\":\"https:\\\/\\\/blacklily.es\\\/?page_id=529\",\"url\":\"https:\\\/\\\/blacklily.es\\\/?page_id=529\",\"name\":\"Pol\u00edtica de devoluciones y reembolsos - Black Lily Clothing\",\"isPartOf\":{\"@id\":\"https:\\\/\\\/blacklily.es\\\/#website\"},\"datePublished\":\"2021-12-20T19:16:30+00:00\",\"dateModified\":\"2021-12-29T12:26:33+00:00\",\"breadcrumb\":{\"@id\":\"https:\\\/\\\/blacklily.es\\\/?page_id=529#breadcrumb\"},\"inLanguage\":\"es\",\"potentialAction\":[{\"@type\":\"ReadAction\",\"target\":[\"https:\\\/\\\/blacklily.es\\\/?page_id=529\"]}]},{\"@type\":\"BreadcrumbList\",\"@id\":\"https:\\\/\\\/blacklily.es\\\/?page_id=529#breadcrumb\",\"itemListElement\":[{\"@type\":\"ListItem\",\"position\":1,\"name\":\"Inicio\",\"item\":\"https:\\\/\\\/blacklily.es\\\/\"},{\"@type\":\"ListItem\",\"position\":2,\"name\":\"Pol\u00edtica de devoluciones y reembolsos\"}]},{\"@type\":\"WebSite\",\"@id\":\"https:\\\/\\\/blacklily.es\\\/#website\",\"url\":\"https:\\\/\\\/blacklily.es\\\/\",\"name\":\"Black Lily Clothing\",\"description\":\"Moda rompedora y totalmente original.\",\"potentialAction\":[{\"@type\":\"SearchAction\",\"target\":{\"@type\":\"EntryPoint\",\"urlTemplate\":\"https:\\\/\\\/blacklily.es\\\/?s={search_term_string}\"},\"query-input\":{\"@type\":\"PropertyValueSpecification\",\"valueRequired\":true,\"valueName\":\"search_term_string\"}}],\"inLanguage\":\"es\"}]}<\/script>\n<!-- \/ Yoast SEO plugin. -->","yoast_head_json":{"title":"Pol\u00edtica de devoluciones y reembolsos - Black Lily Clothing","robots":{"index":"index","follow":"follow","max-snippet":"max-snippet:-1","max-image-preview":"max-image-preview:large","max-video-preview":"max-video-preview:-1"},"canonical":"https:\/\/blacklily.es\/?page_id=529","og_locale":"es_ES","og_type":"article","og_title":"Pol\u00edtica de devoluciones y reembolsos - Black Lily Clothing","og_description":"Acepto cambios y devoluciones Ponte en contacto conmigo en los 14 d\u00edas posteriores a la entrega Devu\u00e9lveme los art\u00edculos en los 30 d\u00edas posteriores a la entrega No acepto cancelaciones Ponte en contacto conmigo si tienes alg\u00fan problema con tu pedido. No se pueden cambiar ni devolver los siguientes art\u00edculos Debido a la naturaleza de [&hellip;]","og_url":"https:\/\/blacklily.es\/?page_id=529","og_site_name":"Black Lily Clothing","article_modified_time":"2021-12-29T12:26:33+00:00","twitter_card":"summary_large_image","twitter_misc":{"Tiempo de lectura":"1 minuto"},"schema":{"@context":"https:\/\/schema.org","@graph":[{"@type":"WebPage","@id":"https:\/\/blacklily.es\/?page_id=529","url":"https:\/\/blacklily.es\/?page_id=529","name":"Pol\u00edtica de devoluciones y reembolsos - Black Lily Clothing","isPartOf":{"@id":"https:\/\/blacklily.es\/#website"},"datePublished":"2021-12-20T19:16:30+00:00","dateModified":"2021-12-29T12:26:33+00:00","breadcrumb":{"@id":"https:\/\/blacklily.es\/?page_id=529#breadcrumb"},"inLanguage":"es","potentialAction":[{"@type":"ReadAction","target":["https:\/\/blacklily.es\/?page_id=529"]}]},{"@type":"BreadcrumbList","@id":"https:\/\/blacklily.es\/?page_id=529#breadcrumb","itemListElement":[{"@type":"ListItem","position":1,"name":"Inicio","item":"https:\/\/blacklily.es\/"},{"@type":"ListItem","position":2,"name":"Pol\u00edtica de devoluciones y reembolsos"}]},{"@type":"WebSite","@id":"https:\/\/blacklily.es\/#website","url":"https:\/\/blacklily.es\/","name":"Black Lily Clothing","description":"Moda rompedora y totalmente original.","potentialAction":[{"@type":"SearchAction","target":{"@type":"EntryPoint","urlTemplate":"https:\/\/blacklily.es\/?s={search_term_string}"},"query-input":{"@type":"PropertyValueSpecification","valueRequired":true,"valueName":"search_term_string"}}],"inLanguage":"es"}]}},"_links":{"self":[{"href":"https:\/\/blacklily.es\/index.php?rest_route=\/wp\/v2\/pages\/529","targetHints":{"allow":["GET"]}}],"collection":[{"href":"https:\/\/blacklily.es\/index.php?rest_route=\/wp\/v2\/pages"}],"about":[{"href":"https:\/\/blacklily.es\/index.php?rest_route=\/wp\/v2\/types\/page"}],"author":[{"embeddable":true,"href":"https:\/\/blacklily.es\/index.php?rest_route=\/wp\/v2\/users\/1"}],"replies":[{"embeddable":true,"href":"https:\/\/blacklily.es\/index.php?rest_route=%2Fwp%2Fv2%2Fcomments&post=529"}],"version-history":[{"count":3,"href":"https:\/\/blacklily.es\/index.php?rest_route=\/wp\/v2\/pages\/529\/revisions"}],"predecessor-version":[{"id":555,"href":"https:\/\/blacklily.es\/index.php?rest_route=\/wp\/v2\/pages\/529\/revisions\/555"}],"wp:attachment":[{"href":"https:\/\/blacklily.es\/index.php?rest_route=%2Fwp%2Fv2%2Fmedia&parent=529"}],"curies":[{"name":"wp","href":"https:\/\/api.w.org\/{rel}","templated":true}]}}