{"id":8,"date":"2021-04-06T19:35:16","date_gmt":"2021-04-06T19:35:16","guid":{"rendered":"https:\/\/blacklily.es\/index.php\/entrega\/"},"modified":"2021-12-20T19:20:29","modified_gmt":"2021-12-20T19:20:29","slug":"entrega","status":"publish","type":"page","link":"https:\/\/blacklily.es\/?page_id=8","title":{"rendered":"Env\u00edo"},"content":{"rendered":"<p>Tiempo de preparaci\u00f3n<\/p>\n<p>El tiempo que necesito para preparar un pedido para su env\u00edo puede variar. Consulta cada art\u00edculo para obtener m\u00e1s informaci\u00f3n.<\/p>\n<p><strong>Plazos de env\u00edo estimados<\/strong><\/p>\n<p><strong>Espa\u00f1a:<\/strong> 2-3 d\u00edas laborables<br \/>\n<strong>Estados Unidos:<\/strong> 8-10 d\u00edas laborables<br \/>\n<strong>Europa:<\/strong> 3-5 d\u00edas laborables<\/p>\n<p>Haremos todo lo posible para cumplir los plazos de env\u00edo estimados, pero no podemos garantizarlos. El tiempo de entrega real depender\u00e1 del m\u00e9todo de env\u00edo que elijas.<\/p>\n<p>Aranceles y derechos de aduana<\/p>\n<p>Los compradores pagar\u00e1n los aranceles y derechos de aduana aplicables. No soy responsable de retrasos debidos a los tr\u00e1mites de aduanas.<\/p>\n<p>&nbsp;<\/p>\n","protected":false},"excerpt":{"rendered":"<p>Tiempo de preparaci\u00f3n El tiempo que necesito para preparar un pedido para su env\u00edo puede variar. Consulta cada art\u00edculo para obtener m\u00e1s informaci\u00f3n. Plazos de env\u00edo estimados Espa\u00f1a: 2-3 d\u00edas laborables Estados Unidos: 8-10 d\u00edas laborables Europa: 3-5 d\u00edas laborables Haremos todo lo posible para cumplir los plazos de env\u00edo estimados, pero no podemos garantizarlos. [&hellip;]<\/p>\n","protected":false},"author":1,"featured_media":0,"parent":0,"menu_order":0,"comment_status":"closed","ping_status":"closed","template":"","meta":{"_et_pb_use_builder":"","_et_pb_old_content":"","_et_gb_content_width":"","footnotes":""},"class_list":["post-8","page","type-page","status-publish","hentry"],"yoast_head":"<!-- This site is optimized with the Yoast SEO plugin v27.3 - https:\/\/yoast.com\/product\/yoast-seo-wordpress\/ -->\n<title>Env\u00edo - Black Lily Clothing<\/title>\n<meta name=\"robots\" content=\"index, follow, max-snippet:-1, max-image-preview:large, max-video-preview:-1\" \/>\n<link rel=\"canonical\" href=\"https:\/\/blacklily.es\/?page_id=8\" \/>\n<meta property=\"og:locale\" content=\"es_ES\" \/>\n<meta property=\"og:type\" content=\"article\" \/>\n<meta property=\"og:title\" content=\"Env\u00edo - Black Lily Clothing\" \/>\n<meta property=\"og:description\" content=\"Tiempo de preparaci\u00f3n El tiempo que necesito para preparar un pedido para su env\u00edo puede variar. Consulta cada art\u00edculo para obtener m\u00e1s informaci\u00f3n. Plazos de env\u00edo estimados Espa\u00f1a: 2-3 d\u00edas laborables Estados Unidos: 8-10 d\u00edas laborables Europa: 3-5 d\u00edas laborables Haremos todo lo posible para cumplir los plazos de env\u00edo estimados, pero no podemos garantizarlos. [&hellip;]\" \/>\n<meta property=\"og:url\" content=\"https:\/\/blacklily.es\/?page_id=8\" \/>\n<meta property=\"og:site_name\" content=\"Black Lily Clothing\" \/>\n<meta property=\"article:modified_time\" content=\"2021-12-20T19:20:29+00:00\" \/>\n<meta name=\"twitter:card\" content=\"summary_large_image\" \/>\n<meta name=\"twitter:label1\" content=\"Tiempo de lectura\" \/>\n\t<meta name=\"twitter:data1\" content=\"1 minuto\" \/>\n<script type=\"application\/ld+json\" class=\"yoast-schema-graph\">{\"@context\":\"https:\\\/\\\/schema.org\",\"@graph\":[{\"@type\":\"WebPage\",\"@id\":\"https:\\\/\\\/blacklily.es\\\/?page_id=8\",\"url\":\"https:\\\/\\\/blacklily.es\\\/?page_id=8\",\"name\":\"Env\u00edo - Black Lily Clothing\",\"isPartOf\":{\"@id\":\"https:\\\/\\\/blacklily.es\\\/#website\"},\"datePublished\":\"2021-04-06T19:35:16+00:00\",\"dateModified\":\"2021-12-20T19:20:29+00:00\",\"breadcrumb\":{\"@id\":\"https:\\\/\\\/blacklily.es\\\/?page_id=8#breadcrumb\"},\"inLanguage\":\"es\",\"potentialAction\":[{\"@type\":\"ReadAction\",\"target\":[\"https:\\\/\\\/blacklily.es\\\/?page_id=8\"]}]},{\"@type\":\"BreadcrumbList\",\"@id\":\"https:\\\/\\\/blacklily.es\\\/?page_id=8#breadcrumb\",\"itemListElement\":[{\"@type\":\"ListItem\",\"position\":1,\"name\":\"Inicio\",\"item\":\"https:\\\/\\\/blacklily.es\\\/\"},{\"@type\":\"ListItem\",\"position\":2,\"name\":\"Env\u00edo\"}]},{\"@type\":\"WebSite\",\"@id\":\"https:\\\/\\\/blacklily.es\\\/#website\",\"url\":\"https:\\\/\\\/blacklily.es\\\/\",\"name\":\"Black Lily Clothing\",\"description\":\"Moda rompedora y totalmente original.\",\"potentialAction\":[{\"@type\":\"SearchAction\",\"target\":{\"@type\":\"EntryPoint\",\"urlTemplate\":\"https:\\\/\\\/blacklily.es\\\/?s={search_term_string}\"},\"query-input\":{\"@type\":\"PropertyValueSpecification\",\"valueRequired\":true,\"valueName\":\"search_term_string\"}}],\"inLanguage\":\"es\"}]}<\/script>\n<!-- \/ Yoast SEO plugin. -->","yoast_head_json":{"title":"Env\u00edo - Black Lily Clothing","robots":{"index":"index","follow":"follow","max-snippet":"max-snippet:-1","max-image-preview":"max-image-preview:large","max-video-preview":"max-video-preview:-1"},"canonical":"https:\/\/blacklily.es\/?page_id=8","og_locale":"es_ES","og_type":"article","og_title":"Env\u00edo - Black Lily Clothing","og_description":"Tiempo de preparaci\u00f3n El tiempo que necesito para preparar un pedido para su env\u00edo puede variar. Consulta cada art\u00edculo para obtener m\u00e1s informaci\u00f3n. Plazos de env\u00edo estimados Espa\u00f1a: 2-3 d\u00edas laborables Estados Unidos: 8-10 d\u00edas laborables Europa: 3-5 d\u00edas laborables Haremos todo lo posible para cumplir los plazos de env\u00edo estimados, pero no podemos garantizarlos. [&hellip;]","og_url":"https:\/\/blacklily.es\/?page_id=8","og_site_name":"Black Lily Clothing","article_modified_time":"2021-12-20T19:20:29+00:00","twitter_card":"summary_large_image","twitter_misc":{"Tiempo de lectura":"1 minuto"},"schema":{"@context":"https:\/\/schema.org","@graph":[{"@type":"WebPage","@id":"https:\/\/blacklily.es\/?page_id=8","url":"https:\/\/blacklily.es\/?page_id=8","name":"Env\u00edo - Black Lily Clothing","isPartOf":{"@id":"https:\/\/blacklily.es\/#website"},"datePublished":"2021-04-06T19:35:16+00:00","dateModified":"2021-12-20T19:20:29+00:00","breadcrumb":{"@id":"https:\/\/blacklily.es\/?page_id=8#breadcrumb"},"inLanguage":"es","potentialAction":[{"@type":"ReadAction","target":["https:\/\/blacklily.es\/?page_id=8"]}]},{"@type":"BreadcrumbList","@id":"https:\/\/blacklily.es\/?page_id=8#breadcrumb","itemListElement":[{"@type":"ListItem","position":1,"name":"Inicio","item":"https:\/\/blacklily.es\/"},{"@type":"ListItem","position":2,"name":"Env\u00edo"}]},{"@type":"WebSite","@id":"https:\/\/blacklily.es\/#website","url":"https:\/\/blacklily.es\/","name":"Black Lily Clothing","description":"Moda rompedora y totalmente original.","potentialAction":[{"@type":"SearchAction","target":{"@type":"EntryPoint","urlTemplate":"https:\/\/blacklily.es\/?s={search_term_string}"},"query-input":{"@type":"PropertyValueSpecification","valueRequired":true,"valueName":"search_term_string"}}],"inLanguage":"es"}]}},"_links":{"self":[{"href":"https:\/\/blacklily.es\/index.php?rest_route=\/wp\/v2\/pages\/8","targetHints":{"allow":["GET"]}}],"collection":[{"href":"https:\/\/blacklily.es\/index.php?rest_route=\/wp\/v2\/pages"}],"about":[{"href":"https:\/\/blacklily.es\/index.php?rest_route=\/wp\/v2\/types\/page"}],"author":[{"embeddable":true,"href":"https:\/\/blacklily.es\/index.php?rest_route=\/wp\/v2\/users\/1"}],"replies":[{"embeddable":true,"href":"https:\/\/blacklily.es\/index.php?rest_route=%2Fwp%2Fv2%2Fcomments&post=8"}],"version-history":[{"count":2,"href":"https:\/\/blacklily.es\/index.php?rest_route=\/wp\/v2\/pages\/8\/revisions"}],"predecessor-version":[{"id":545,"href":"https:\/\/blacklily.es\/index.php?rest_route=\/wp\/v2\/pages\/8\/revisions\/545"}],"wp:attachment":[{"href":"https:\/\/blacklily.es\/index.php?rest_route=%2Fwp%2Fv2%2Fmedia&parent=8"}],"curies":[{"name":"wp","href":"https:\/\/api.w.org\/{rel}","templated":true}]}}