{"id":9,"date":"2021-04-06T19:35:16","date_gmt":"2021-04-06T19:35:16","guid":{"rendered":"https:\/\/blacklily.es\/index.php\/politica-de-privacidad-y-aviso-legal\/"},"modified":"2021-12-20T19:14:48","modified_gmt":"2021-12-20T19:14:48","slug":"politica-de-privacidad-y-aviso-legal","status":"publish","type":"page","link":"https:\/\/blacklily.es\/?page_id=9","title":{"rendered":"Pol\u00edtica de privacidad y aviso legal"},"content":{"rendered":"<p>De acuerdo con lo establecido en el GDPR (Reglamento (UE) 2016\/679), le proporcionamos la Informaci\u00f3n detallada de protecci\u00f3n de datos que se detalla a continuaci\u00f3n:<\/p>\n<p><strong> Responsable: Nombre Comercial: Black Lily Clothing <\/strong><br \/>\n<strong> C.I.F .: 45749401D <\/strong><br \/>\n<strong> Direcci\u00f3n: Calle Rafael Alberti, local 3C, 14400 &#8211; Pozoblanco (C\u00f3rdoba) <\/strong><br \/>\n<strong> Correo electr\u00f3nico: blacklilyclothing@gmail.com<\/strong><\/p>\n<p>Prop\u00f3sito:<\/p>\n<p>Le informamos que los Datos personales recopilados se incorporar\u00e1n a un Archivo bajo nuestra responsabilidad, para gestionar la entrega de la informaci\u00f3n solicitada y proporcionar a las partes interesadas ofertas de productos y servicios de inter\u00e9s, as\u00ed como la facturaci\u00f3n de los productos comprados. Los datos proporcionados se conservar\u00e1n mientras se mantenga la relaci\u00f3n comercial, durante los a\u00f1os necesarios para cumplir con las obligaciones legales o la parte interesada solicite su eliminaci\u00f3n.<\/p>\n<p>Legitimaci\u00f3n: Los datos personales obtenidos a trav\u00e9s de este sitio web, as\u00ed como la oferta de productos y servicios ofrecidos, se basan en el consentimiento solicitado por la parte interesada.<\/p>\n<p>El interesado tendr\u00e1 derecho a retirar su consentimiento en cualquier momento. El retiro del consentimiento no afectar\u00e1 la legalidad del tratamiento basado en el consentimiento previo a su retiro.<\/p>\n<p>Destinatarios: Ciertos datos se recopilan para el env\u00edo de su pedido. Esto incluye nombre, direcci\u00f3n de entrega, direcci\u00f3n de correo electr\u00f3nico y n\u00famero de tel\u00e9fono. Esta informaci\u00f3n se compartir\u00e1 con la empresa de entrega al enviar su pedido.<\/p>\n<p>No se transferir\u00e1n datos a otros terceros, salvo obligaci\u00f3n legal.<\/p>\n<p>Derechos: Como persona interesada directa, tiene derecho a obtener confirmaci\u00f3n sobre si Black Lily Clothing estamos tratando datos personales que le conciernen, o no. Tiene derecho a acceder a sus datos personales, as\u00ed como a solicitar la rectificaci\u00f3n de datos inexactos o, en su caso, solicitar su eliminaci\u00f3n cuando, entre otras razones, los datos ya no sean necesarios para los fines que se recopilaron.<\/p>\n<p>En determinadas circunstancias, puede solicitar la limitaci\u00f3n del procesamiento de sus datos, en cuyo caso solo los conservaremos para el ejercicio o la defensa de reclamaciones.<\/p>\n<p>En ciertas circunstancias y por razones relacionadas con su situaci\u00f3n particular, puede oponerse al procesamiento de sus datos. Black Lily Clothing dejar\u00e1 de procesar los datos, excepto por razones leg\u00edtimas convincentes, o el ejercicio o la defensa de posibles reclamos.<\/p>\n<p>En determinadas circunstancias, tendr\u00e1 derecho a recibir los datos personales que tiene y que nos ha proporcionado, y a transmitirlos o solicitar que se los proporcionemos a un tercero sin objeciones de nuestra parte (derecho a la portabilidad de los datos).<\/p>\n<p>En determinadas circunstancias, le informamos que tendr\u00e1 derecho a no ser sujeto de una decisi\u00f3n basada \u00fanicamente en el procesamiento automatizado, incluida la elaboraci\u00f3n de perfiles, que produce efectos legales en usted o lo afecta significativamente de manera similar.<\/p>\n","protected":false},"excerpt":{"rendered":"<p>De acuerdo con lo establecido en el GDPR (Reglamento (UE) 2016\/679), le proporcionamos la Informaci\u00f3n detallada de protecci\u00f3n de datos que se detalla a continuaci\u00f3n: Responsable: Nombre Comercial: Black Lily Clothing C.I.F .: 45749401D Direcci\u00f3n: Calle Rafael Alberti, local 3C, 14400 &#8211; Pozoblanco (C\u00f3rdoba) Correo electr\u00f3nico: blacklilyclothing@gmail.com Prop\u00f3sito: Le informamos que los Datos personales recopilados [&hellip;]<\/p>\n","protected":false},"author":1,"featured_media":0,"parent":0,"menu_order":1,"comment_status":"closed","ping_status":"closed","template":"","meta":{"_et_pb_use_builder":"","_et_pb_old_content":"","_et_gb_content_width":"","footnotes":""},"class_list":["post-9","page","type-page","status-publish","hentry"],"yoast_head":"<!-- This site is optimized with the Yoast SEO plugin v27.3 - https:\/\/yoast.com\/product\/yoast-seo-wordpress\/ -->\n<title>Pol\u00edtica de privacidad y aviso legal - Black Lily Clothing<\/title>\n<meta name=\"robots\" content=\"index, follow, max-snippet:-1, max-image-preview:large, max-video-preview:-1\" \/>\n<link rel=\"canonical\" href=\"https:\/\/blacklily.es\/?page_id=9\" \/>\n<meta property=\"og:locale\" content=\"es_ES\" \/>\n<meta property=\"og:type\" content=\"article\" \/>\n<meta property=\"og:title\" content=\"Pol\u00edtica de privacidad y aviso legal - Black Lily Clothing\" \/>\n<meta property=\"og:description\" content=\"De acuerdo con lo establecido en el GDPR (Reglamento (UE) 2016\/679), le proporcionamos la Informaci\u00f3n detallada de protecci\u00f3n de datos que se detalla a continuaci\u00f3n: Responsable: Nombre Comercial: Black Lily Clothing C.I.F .: 45749401D Direcci\u00f3n: Calle Rafael Alberti, local 3C, 14400 &#8211; Pozoblanco (C\u00f3rdoba) Correo electr\u00f3nico: blacklilyclothing@gmail.com Prop\u00f3sito: Le informamos que los Datos personales recopilados [&hellip;]\" \/>\n<meta property=\"og:url\" content=\"https:\/\/blacklily.es\/?page_id=9\" \/>\n<meta property=\"og:site_name\" content=\"Black Lily Clothing\" \/>\n<meta property=\"article:modified_time\" content=\"2021-12-20T19:14:48+00:00\" \/>\n<meta name=\"twitter:card\" content=\"summary_large_image\" \/>\n<meta name=\"twitter:label1\" content=\"Tiempo de lectura\" \/>\n\t<meta name=\"twitter:data1\" content=\"2 minutos\" \/>\n<script type=\"application\/ld+json\" class=\"yoast-schema-graph\">{\"@context\":\"https:\\\/\\\/schema.org\",\"@graph\":[{\"@type\":\"WebPage\",\"@id\":\"https:\\\/\\\/blacklily.es\\\/?page_id=9\",\"url\":\"https:\\\/\\\/blacklily.es\\\/?page_id=9\",\"name\":\"Pol\u00edtica de privacidad y aviso legal - Black Lily Clothing\",\"isPartOf\":{\"@id\":\"https:\\\/\\\/blacklily.es\\\/#website\"},\"datePublished\":\"2021-04-06T19:35:16+00:00\",\"dateModified\":\"2021-12-20T19:14:48+00:00\",\"breadcrumb\":{\"@id\":\"https:\\\/\\\/blacklily.es\\\/?page_id=9#breadcrumb\"},\"inLanguage\":\"es\",\"potentialAction\":[{\"@type\":\"ReadAction\",\"target\":[\"https:\\\/\\\/blacklily.es\\\/?page_id=9\"]}]},{\"@type\":\"BreadcrumbList\",\"@id\":\"https:\\\/\\\/blacklily.es\\\/?page_id=9#breadcrumb\",\"itemListElement\":[{\"@type\":\"ListItem\",\"position\":1,\"name\":\"Inicio\",\"item\":\"https:\\\/\\\/blacklily.es\\\/\"},{\"@type\":\"ListItem\",\"position\":2,\"name\":\"Pol\u00edtica de privacidad y aviso legal\"}]},{\"@type\":\"WebSite\",\"@id\":\"https:\\\/\\\/blacklily.es\\\/#website\",\"url\":\"https:\\\/\\\/blacklily.es\\\/\",\"name\":\"Black Lily Clothing\",\"description\":\"Moda rompedora y totalmente original.\",\"potentialAction\":[{\"@type\":\"SearchAction\",\"target\":{\"@type\":\"EntryPoint\",\"urlTemplate\":\"https:\\\/\\\/blacklily.es\\\/?s={search_term_string}\"},\"query-input\":{\"@type\":\"PropertyValueSpecification\",\"valueRequired\":true,\"valueName\":\"search_term_string\"}}],\"inLanguage\":\"es\"}]}<\/script>\n<!-- \/ Yoast SEO plugin. -->","yoast_head_json":{"title":"Pol\u00edtica de privacidad y aviso legal - Black Lily Clothing","robots":{"index":"index","follow":"follow","max-snippet":"max-snippet:-1","max-image-preview":"max-image-preview:large","max-video-preview":"max-video-preview:-1"},"canonical":"https:\/\/blacklily.es\/?page_id=9","og_locale":"es_ES","og_type":"article","og_title":"Pol\u00edtica de privacidad y aviso legal - Black Lily Clothing","og_description":"De acuerdo con lo establecido en el GDPR (Reglamento (UE) 2016\/679), le proporcionamos la Informaci\u00f3n detallada de protecci\u00f3n de datos que se detalla a continuaci\u00f3n: Responsable: Nombre Comercial: Black Lily Clothing C.I.F .: 45749401D Direcci\u00f3n: Calle Rafael Alberti, local 3C, 14400 &#8211; Pozoblanco (C\u00f3rdoba) Correo electr\u00f3nico: blacklilyclothing@gmail.com Prop\u00f3sito: Le informamos que los Datos personales recopilados [&hellip;]","og_url":"https:\/\/blacklily.es\/?page_id=9","og_site_name":"Black Lily Clothing","article_modified_time":"2021-12-20T19:14:48+00:00","twitter_card":"summary_large_image","twitter_misc":{"Tiempo de lectura":"2 minutos"},"schema":{"@context":"https:\/\/schema.org","@graph":[{"@type":"WebPage","@id":"https:\/\/blacklily.es\/?page_id=9","url":"https:\/\/blacklily.es\/?page_id=9","name":"Pol\u00edtica de privacidad y aviso legal - Black Lily Clothing","isPartOf":{"@id":"https:\/\/blacklily.es\/#website"},"datePublished":"2021-04-06T19:35:16+00:00","dateModified":"2021-12-20T19:14:48+00:00","breadcrumb":{"@id":"https:\/\/blacklily.es\/?page_id=9#breadcrumb"},"inLanguage":"es","potentialAction":[{"@type":"ReadAction","target":["https:\/\/blacklily.es\/?page_id=9"]}]},{"@type":"BreadcrumbList","@id":"https:\/\/blacklily.es\/?page_id=9#breadcrumb","itemListElement":[{"@type":"ListItem","position":1,"name":"Inicio","item":"https:\/\/blacklily.es\/"},{"@type":"ListItem","position":2,"name":"Pol\u00edtica de privacidad y aviso legal"}]},{"@type":"WebSite","@id":"https:\/\/blacklily.es\/#website","url":"https:\/\/blacklily.es\/","name":"Black Lily Clothing","description":"Moda rompedora y totalmente original.","potentialAction":[{"@type":"SearchAction","target":{"@type":"EntryPoint","urlTemplate":"https:\/\/blacklily.es\/?s={search_term_string}"},"query-input":{"@type":"PropertyValueSpecification","valueRequired":true,"valueName":"search_term_string"}}],"inLanguage":"es"}]}},"_links":{"self":[{"href":"https:\/\/blacklily.es\/index.php?rest_route=\/wp\/v2\/pages\/9","targetHints":{"allow":["GET"]}}],"collection":[{"href":"https:\/\/blacklily.es\/index.php?rest_route=\/wp\/v2\/pages"}],"about":[{"href":"https:\/\/blacklily.es\/index.php?rest_route=\/wp\/v2\/types\/page"}],"author":[{"embeddable":true,"href":"https:\/\/blacklily.es\/index.php?rest_route=\/wp\/v2\/users\/1"}],"replies":[{"embeddable":true,"href":"https:\/\/blacklily.es\/index.php?rest_route=%2Fwp%2Fv2%2Fcomments&post=9"}],"version-history":[{"count":1,"href":"https:\/\/blacklily.es\/index.php?rest_route=\/wp\/v2\/pages\/9\/revisions"}],"predecessor-version":[{"id":540,"href":"https:\/\/blacklily.es\/index.php?rest_route=\/wp\/v2\/pages\/9\/revisions\/540"}],"wp:attachment":[{"href":"https:\/\/blacklily.es\/index.php?rest_route=%2Fwp%2Fv2%2Fmedia&parent=9"}],"curies":[{"name":"wp","href":"https:\/\/api.w.org\/{rel}","templated":true}]}}