{"id":2050,"date":"2024-05-30T10:26:43","date_gmt":"2024-05-30T10:26:43","guid":{"rendered":"https:\/\/blacklily.es\/?post_type=product&#038;p=2050"},"modified":"2024-05-31T11:00:27","modified_gmt":"2024-05-31T11:00:27","slug":"top-tirantes-rosa","status":"publish","type":"product","link":"https:\/\/blacklily.es\/?product=top-tirantes-rosa","title":{"rendered":"Top tirantes rosa"},"content":{"rendered":"<p>[et_pb_section fb_built=\u00bb1&#8243; _builder_version=\u00bb4.14.5&#8243; _module_preset=\u00bbdefault\u00bb global_colors_info=\u00bb{}\u00bb][\/et_pb_section]<\/p>\n","protected":false},"excerpt":{"rendered":"<p>Top tirantes, lazos en la espalda, color rosa.<\/p>\n","protected":false},"featured_media":2067,"comment_status":"open","ping_status":"closed","template":"","meta":{"_et_pb_use_builder":"on","_et_pb_old_content":"Top de tirantes, escote cuadrado, anudado con cuatros lazos en la espalda, color rosa.\r\n\r\n<strong>MATERIAL:\u00a0<\/strong>\r\n\r\n95% Poli\u00e9ster 5% Spandex\r\n\r\n<strong>CUIDADOS<\/strong>\r\n\r\n<strong>-<\/strong> Lavado a m\u00e1quina 30\u00ba\r\n- Planchado suave\r\n- No usar secadora\r\n- No usar lej\u00eda\r\n\r\nLa modelo mide 174 cm y lleva talla S\r\n\r\n&nbsp;\r\n\r\n&nbsp;\r\n\r\n&nbsp;\r\n\r\n&nbsp;","_et_gb_content_width":""},"product_brand":[],"product_cat":[103],"product_tag":[],"class_list":{"0":"post-2050","1":"product","2":"type-product","3":"status-publish","4":"has-post-thumbnail","6":"product_cat-tops","8":"first","9":"instock","10":"taxable","11":"shipping-taxable","12":"purchasable","13":"product-type-variable"},"yoast_head":"<!-- This site is optimized with the Yoast SEO plugin v27.3 - https:\/\/yoast.com\/product\/yoast-seo-wordpress\/ -->\n<title>Top tirantes rosa | Black Lily Clothing<\/title>\n<meta name=\"description\" content=\"Sudadera color melocot\u00f3n, unisex, felpa perchada, serigraf\u00eda logotipo en delantero y Katie Sandwina (mujer forzuda) en espalda.\" \/>\n<meta name=\"robots\" content=\"index, follow, max-snippet:-1, max-image-preview:large, max-video-preview:-1\" \/>\n<link rel=\"canonical\" href=\"https:\/\/blacklily.es\/producto\/top-tirantes-rosa\/\" \/>\n<meta property=\"og:locale\" content=\"es_ES\" \/>\n<meta property=\"og:type\" content=\"article\" \/>\n<meta property=\"og:title\" content=\"Sudadera unisex melocot\u00f3n | Black Lily Clothing\" \/>\n<meta property=\"og:description\" content=\"Sudadera color melocot\u00f3n, unisex, felpa perchada, serigraf\u00eda logotipo en delantero y Katie Sandwina (mujer forzuda) en espalda.\" \/>\n<meta property=\"og:url\" content=\"https:\/\/blacklily.es\/producto\/top-tirantes-rosa\/\" \/>\n<meta property=\"og:site_name\" content=\"Black Lily Clothing\" \/>\n<meta property=\"article:modified_time\" content=\"2024-05-31T11:00:27+00:00\" \/>\n<meta property=\"og:image\" content=\"https:\/\/blacklily.es\/wp-content\/uploads\/2021\/12\/BL-9-scaled.jpg\" \/>\n\t<meta property=\"og:image:width\" content=\"2560\" \/>\n\t<meta property=\"og:image:height\" content=\"1791\" \/>\n\t<meta property=\"og:image:type\" content=\"image\/jpeg\" \/>\n<meta name=\"twitter:card\" content=\"summary_large_image\" \/>\n<meta name=\"twitter:title\" content=\"Sudadera unisex melocot\u00f3n | Black Lily Clothing\" \/>\n<meta name=\"twitter:description\" content=\"Sudadera color melocot\u00f3n, unisex, felpa perchada, serigraf\u00eda logotipo en delantero y Katie Sandwina (mujer forzuda) en espalda.\" \/>\n<meta name=\"twitter:image\" content=\"https:\/\/blacklily.es\/wp-content\/uploads\/2021\/12\/BL-9-scaled.jpg\" \/>\n<script type=\"application\/ld+json\" class=\"yoast-schema-graph\">{\"@context\":\"https:\\\/\\\/schema.org\",\"@graph\":[{\"@type\":\"WebPage\",\"@id\":\"https:\\\/\\\/blacklily.es\\\/producto\\\/top-tirantes-rosa\\\/\",\"url\":\"https:\\\/\\\/blacklily.es\\\/producto\\\/top-tirantes-rosa\\\/\",\"name\":\"Top tirantes rosa | Black Lily Clothing\",\"isPartOf\":{\"@id\":\"https:\\\/\\\/blacklily.es\\\/#website\"},\"primaryImageOfPage\":{\"@id\":\"https:\\\/\\\/blacklily.es\\\/producto\\\/top-tirantes-rosa\\\/#primaryimage\"},\"image\":{\"@id\":\"https:\\\/\\\/blacklily.es\\\/producto\\\/top-tirantes-rosa\\\/#primaryimage\"},\"thumbnailUrl\":\"https:\\\/\\\/blacklily.es\\\/wp-content\\\/uploads\\\/2021\\\/04\\\/1J4A4031-copia-e1717079245744.jpg\",\"datePublished\":\"2024-05-30T10:26:43+00:00\",\"dateModified\":\"2024-05-31T11:00:27+00:00\",\"description\":\"Sudadera color melocot\u00f3n, unisex, felpa perchada, serigraf\u00eda logotipo en delantero y Katie Sandwina (mujer forzuda) en espalda.\",\"breadcrumb\":{\"@id\":\"https:\\\/\\\/blacklily.es\\\/producto\\\/top-tirantes-rosa\\\/#breadcrumb\"},\"inLanguage\":\"es\",\"potentialAction\":[{\"@type\":\"ReadAction\",\"target\":[\"https:\\\/\\\/blacklily.es\\\/producto\\\/top-tirantes-rosa\\\/\"]}]},{\"@type\":\"ImageObject\",\"inLanguage\":\"es\",\"@id\":\"https:\\\/\\\/blacklily.es\\\/producto\\\/top-tirantes-rosa\\\/#primaryimage\",\"url\":\"https:\\\/\\\/blacklily.es\\\/wp-content\\\/uploads\\\/2021\\\/04\\\/1J4A4031-copia-e1717079245744.jpg\",\"contentUrl\":\"https:\\\/\\\/blacklily.es\\\/wp-content\\\/uploads\\\/2021\\\/04\\\/1J4A4031-copia-e1717079245744.jpg\",\"width\":1107,\"height\":855,\"caption\":\"top-tirantes-rosa\"},{\"@type\":\"BreadcrumbList\",\"@id\":\"https:\\\/\\\/blacklily.es\\\/producto\\\/top-tirantes-rosa\\\/#breadcrumb\",\"itemListElement\":[{\"@type\":\"ListItem\",\"position\":1,\"name\":\"Inicio\",\"item\":\"https:\\\/\\\/blacklily.es\\\/\"},{\"@type\":\"ListItem\",\"position\":2,\"name\":\"Tienda\",\"item\":\"https:\\\/\\\/blacklily.es\\\/?page_id=829\"},{\"@type\":\"ListItem\",\"position\":3,\"name\":\"Top tirantes rosa\"}]},{\"@type\":\"WebSite\",\"@id\":\"https:\\\/\\\/blacklily.es\\\/#website\",\"url\":\"https:\\\/\\\/blacklily.es\\\/\",\"name\":\"Black Lily Clothing\",\"description\":\"Moda rompedora y totalmente original.\",\"potentialAction\":[{\"@type\":\"SearchAction\",\"target\":{\"@type\":\"EntryPoint\",\"urlTemplate\":\"https:\\\/\\\/blacklily.es\\\/?s={search_term_string}\"},\"query-input\":{\"@type\":\"PropertyValueSpecification\",\"valueRequired\":true,\"valueName\":\"search_term_string\"}}],\"inLanguage\":\"es\"}]}<\/script>\n<!-- \/ Yoast SEO plugin. -->","yoast_head_json":{"title":"Top tirantes rosa | Black Lily Clothing","description":"Sudadera color melocot\u00f3n, unisex, felpa perchada, serigraf\u00eda logotipo en delantero y Katie Sandwina (mujer forzuda) en espalda.","robots":{"index":"index","follow":"follow","max-snippet":"max-snippet:-1","max-image-preview":"max-image-preview:large","max-video-preview":"max-video-preview:-1"},"canonical":"https:\/\/blacklily.es\/producto\/top-tirantes-rosa\/","og_locale":"es_ES","og_type":"article","og_title":"Sudadera unisex melocot\u00f3n | Black Lily Clothing","og_description":"Sudadera color melocot\u00f3n, unisex, felpa perchada, serigraf\u00eda logotipo en delantero y Katie Sandwina (mujer forzuda) en espalda.","og_url":"https:\/\/blacklily.es\/producto\/top-tirantes-rosa\/","og_site_name":"Black Lily Clothing","article_modified_time":"2024-05-31T11:00:27+00:00","og_image":[{"width":2560,"height":1791,"url":"https:\/\/blacklily.es\/wp-content\/uploads\/2021\/12\/BL-9-scaled.jpg","type":"image\/jpeg"}],"twitter_card":"summary_large_image","twitter_title":"Sudadera unisex melocot\u00f3n | Black Lily Clothing","twitter_description":"Sudadera color melocot\u00f3n, unisex, felpa perchada, serigraf\u00eda logotipo en delantero y Katie Sandwina (mujer forzuda) en espalda.","twitter_image":"https:\/\/blacklily.es\/wp-content\/uploads\/2021\/12\/BL-9-scaled.jpg","schema":{"@context":"https:\/\/schema.org","@graph":[{"@type":"WebPage","@id":"https:\/\/blacklily.es\/producto\/top-tirantes-rosa\/","url":"https:\/\/blacklily.es\/producto\/top-tirantes-rosa\/","name":"Top tirantes rosa | Black Lily Clothing","isPartOf":{"@id":"https:\/\/blacklily.es\/#website"},"primaryImageOfPage":{"@id":"https:\/\/blacklily.es\/producto\/top-tirantes-rosa\/#primaryimage"},"image":{"@id":"https:\/\/blacklily.es\/producto\/top-tirantes-rosa\/#primaryimage"},"thumbnailUrl":"https:\/\/blacklily.es\/wp-content\/uploads\/2021\/04\/1J4A4031-copia-e1717079245744.jpg","datePublished":"2024-05-30T10:26:43+00:00","dateModified":"2024-05-31T11:00:27+00:00","description":"Sudadera color melocot\u00f3n, unisex, felpa perchada, serigraf\u00eda logotipo en delantero y Katie Sandwina (mujer forzuda) en espalda.","breadcrumb":{"@id":"https:\/\/blacklily.es\/producto\/top-tirantes-rosa\/#breadcrumb"},"inLanguage":"es","potentialAction":[{"@type":"ReadAction","target":["https:\/\/blacklily.es\/producto\/top-tirantes-rosa\/"]}]},{"@type":"ImageObject","inLanguage":"es","@id":"https:\/\/blacklily.es\/producto\/top-tirantes-rosa\/#primaryimage","url":"https:\/\/blacklily.es\/wp-content\/uploads\/2021\/04\/1J4A4031-copia-e1717079245744.jpg","contentUrl":"https:\/\/blacklily.es\/wp-content\/uploads\/2021\/04\/1J4A4031-copia-e1717079245744.jpg","width":1107,"height":855,"caption":"top-tirantes-rosa"},{"@type":"BreadcrumbList","@id":"https:\/\/blacklily.es\/producto\/top-tirantes-rosa\/#breadcrumb","itemListElement":[{"@type":"ListItem","position":1,"name":"Inicio","item":"https:\/\/blacklily.es\/"},{"@type":"ListItem","position":2,"name":"Tienda","item":"https:\/\/blacklily.es\/?page_id=829"},{"@type":"ListItem","position":3,"name":"Top tirantes rosa"}]},{"@type":"WebSite","@id":"https:\/\/blacklily.es\/#website","url":"https:\/\/blacklily.es\/","name":"Black Lily Clothing","description":"Moda rompedora y totalmente original.","potentialAction":[{"@type":"SearchAction","target":{"@type":"EntryPoint","urlTemplate":"https:\/\/blacklily.es\/?s={search_term_string}"},"query-input":{"@type":"PropertyValueSpecification","valueRequired":true,"valueName":"search_term_string"}}],"inLanguage":"es"}]}},"_links":{"self":[{"href":"https:\/\/blacklily.es\/index.php?rest_route=\/wp\/v2\/product\/2050","targetHints":{"allow":["GET"]}}],"collection":[{"href":"https:\/\/blacklily.es\/index.php?rest_route=\/wp\/v2\/product"}],"about":[{"href":"https:\/\/blacklily.es\/index.php?rest_route=\/wp\/v2\/types\/product"}],"replies":[{"embeddable":true,"href":"https:\/\/blacklily.es\/index.php?rest_route=%2Fwp%2Fv2%2Fcomments&post=2050"}],"wp:featuredmedia":[{"embeddable":true,"href":"https:\/\/blacklily.es\/index.php?rest_route=\/wp\/v2\/media\/2067"}],"wp:attachment":[{"href":"https:\/\/blacklily.es\/index.php?rest_route=%2Fwp%2Fv2%2Fmedia&parent=2050"}],"wp:term":[{"taxonomy":"product_brand","embeddable":true,"href":"https:\/\/blacklily.es\/index.php?rest_route=%2Fwp%2Fv2%2Fproduct_brand&post=2050"},{"taxonomy":"product_cat","embeddable":true,"href":"https:\/\/blacklily.es\/index.php?rest_route=%2Fwp%2Fv2%2Fproduct_cat&post=2050"},{"taxonomy":"product_tag","embeddable":true,"href":"https:\/\/blacklily.es\/index.php?rest_route=%2Fwp%2Fv2%2Fproduct_tag&post=2050"}],"curies":[{"name":"wp","href":"https:\/\/api.w.org\/{rel}","templated":true}]}}